{"id":10253,"date":"2026-03-18T20:04:43","date_gmt":"2026-03-18T19:04:43","guid":{"rendered":"https:\/\/couleurs-chakras.com\/?post_type=product&#038;p=10253"},"modified":"2026-03-18T20:30:34","modified_gmt":"2026-03-18T19:30:34","slug":"porte-cles-floral-amethyste","status":"publish","type":"product","link":"https:\/\/couleurs-chakras.com\/index.php\/product\/porte-cles-floral-amethyste\/","title":{"rendered":"Porte cl\u00e9s floral amethyste"},"content":{"rendered":"<p>Entre po\u00e9sie florale et vertus des pierres naturelles.<\/p>\n<p><b>Un jardin de s\u00e9r\u00e9nit\u00e9 au creux de votre main \ud83c\udf38<\/b><\/p>\n<blockquote>\n<p dir=\"ltr\">\u200bLaissez la douceur vous accompagner partout avec notre nouveau porte-cl\u00e9 fleuri. Alliant l&rsquo;\u00e9l\u00e9gance de l&rsquo;\u00e9mail mauve et la puissance vibratoire de l&rsquo;<b>Am\u00e9thyste<\/b>, il est une invitation au calme et \u00e0 la clart\u00e9 d&rsquo;esprit au quotidien. \u2728<\/p>\n<p dir=\"ltr\">\u200bId\u00e9al pour orner vos cl\u00e9s ou sublimer votre sac pr\u00e9f\u00e9r\u00e9 avec une touche de magie min\u00e9rale.<\/p>\n<\/blockquote>\n<p>\u200bPerles d&rsquo;Am\u00e9thyste Naturelle : Un chapelet de perles v\u00e9ritables vient sublimer l&rsquo;ensemble pour une harmonie chromatique parfaite.<\/p>\n","protected":false},"excerpt":{"rendered":"<p>Entre po\u00e9sie florale et vertus des pierres naturelles. Un jardin de s\u00e9r\u00e9nit\u00e9 au creux de votre main \ud83c\udf38 \u200bLaissez la douceur vous accompagner partout avec notre nouveau porte-cl\u00e9 fleuri. Alliant l&rsquo;\u00e9l\u00e9gance de l&rsquo;\u00e9mail mauve et la puissance vibratoire de l&rsquo;Am\u00e9thyste, il est une invitation au calme et \u00e0 la clart\u00e9 d&rsquo;esprit au quotidien. \u2728 \u200bId\u00e9al&#8230;<\/p>\n","protected":false},"featured_media":10254,"comment_status":"open","ping_status":"closed","template":"","meta":{"_kadence_starter_templates_imported_post":false,"_kad_post_transparent":"default","_kad_post_title":"","_kad_post_layout":"default","_kad_post_sidebar_id":"","_kad_post_content_style":"default","_kad_post_vertical_padding":"default","_kad_post_feature":"","_kad_post_feature_position":"","_kad_post_header":false,"_kad_post_footer":false,"_kad_post_classname":""},"product_brand":[],"product_cat":[60],"product_tag":[],"class_list":{"0":"post-10253","1":"product","2":"type-product","3":"status-publish","4":"has-post-thumbnail","6":"product_cat-accessoires","8":"first","9":"instock","10":"taxable","11":"shipping-taxable","12":"purchasable","13":"product-type-simple","14":"entry","15":"content-bg","16":"loop-entry"},"jetpack_sharing_enabled":true,"_links":{"self":[{"href":"https:\/\/couleurs-chakras.com\/index.php\/wp-json\/wp\/v2\/product\/10253","targetHints":{"allow":["GET"]}}],"collection":[{"href":"https:\/\/couleurs-chakras.com\/index.php\/wp-json\/wp\/v2\/product"}],"about":[{"href":"https:\/\/couleurs-chakras.com\/index.php\/wp-json\/wp\/v2\/types\/product"}],"replies":[{"embeddable":true,"href":"https:\/\/couleurs-chakras.com\/index.php\/wp-json\/wp\/v2\/comments?post=10253"}],"wp:featuredmedia":[{"embeddable":true,"href":"https:\/\/couleurs-chakras.com\/index.php\/wp-json\/wp\/v2\/media\/10254"}],"wp:attachment":[{"href":"https:\/\/couleurs-chakras.com\/index.php\/wp-json\/wp\/v2\/media?parent=10253"}],"wp:term":[{"taxonomy":"product_brand","embeddable":true,"href":"https:\/\/couleurs-chakras.com\/index.php\/wp-json\/wp\/v2\/product_brand?post=10253"},{"taxonomy":"product_cat","embeddable":true,"href":"https:\/\/couleurs-chakras.com\/index.php\/wp-json\/wp\/v2\/product_cat?post=10253"},{"taxonomy":"product_tag","embeddable":true,"href":"https:\/\/couleurs-chakras.com\/index.php\/wp-json\/wp\/v2\/product_tag?post=10253"}],"curies":[{"name":"wp","href":"https:\/\/api.w.org\/{rel}","templated":true}]}}