{"id":10141,"date":"2026-03-17T20:56:11","date_gmt":"2026-03-17T19:56:11","guid":{"rendered":"https:\/\/couleurs-chakras.com\/?post_type=product&#038;p=10141"},"modified":"2026-03-17T21:10:24","modified_gmt":"2026-03-17T20:10:24","slug":"bracelet-synergie-anti-stress-creation","status":"publish","type":"product","link":"https:\/\/couleurs-chakras.com\/index.php\/product\/bracelet-synergie-anti-stress-creation\/","title":{"rendered":"Bracelet Synergie anti stress cr\u00e9ation"},"content":{"rendered":"<p>D\u00e9couvrez \u2606 Synergie\u2606<\/p>\n<p>Un bracelet d&rsquo;\u00e9quilibre et de force con\u00e7u pour aligner vos \u00e9nergies et apaiser votre esprit.<\/p>\n<p>Cette cr\u00e9ation unique r\u00e9unit des pierres pr\u00e9cieuses soigneusement s\u00e9lectionn\u00e9es pour leurs vertus apaisantes et protectrices \ud83c\udf19<\/p>\n<p>L&rsquo;Am\u00e9thyste \ud83d\udc9c symbole de s\u00e9r\u00e9nit\u00e9, vous guide vers un calme mental profond, tandis que le Quartz rose \ud83e\ude77 pierre de l&rsquo;amour incondidtionnel, ouvre votre c\u0153ur \u00e0 la compassion et \u00e0 l&rsquo;acceptation de soi. L&rsquo;Howlite \ud83e\udd0d apaise la charge mentale, le L\u00e9pidolite\ud83d\udc9c lib\u00e8re les blocages de communication et le Rhodonite\ud83e\ude77 gu\u00e9rit les traumatismes \u00e9motionnels. Un seul bracelet pour un bien-\u00eatre holistique complet.<\/p>\n<p>&nbsp;<\/p>\n","protected":false},"excerpt":{"rendered":"<p>D\u00e9couvrez \u2606 Synergie\u2606 Un bracelet d&rsquo;\u00e9quilibre et de force con\u00e7u pour aligner vos \u00e9nergies et apaiser votre esprit. Cette cr\u00e9ation unique r\u00e9unit des pierres pr\u00e9cieuses soigneusement s\u00e9lectionn\u00e9es pour leurs vertus apaisantes et protectrices \ud83c\udf19 L&rsquo;Am\u00e9thyste \ud83d\udc9c symbole de s\u00e9r\u00e9nit\u00e9, vous guide vers un calme mental profond, tandis que le Quartz rose \ud83e\ude77 pierre de l&rsquo;amour&#8230;<\/p>\n","protected":false},"featured_media":10252,"comment_status":"open","ping_status":"closed","template":"","meta":{"_kadence_starter_templates_imported_post":false,"_kad_post_transparent":"default","_kad_post_title":"","_kad_post_layout":"default","_kad_post_sidebar_id":"","_kad_post_content_style":"default","_kad_post_vertical_padding":"default","_kad_post_feature":"","_kad_post_feature_position":"","_kad_post_header":false,"_kad_post_footer":false,"_kad_post_classname":""},"product_brand":[],"product_cat":[20],"product_tag":[],"class_list":{"0":"post-10141","1":"product","2":"type-product","3":"status-publish","4":"has-post-thumbnail","6":"product_cat-bracelet","8":"first","9":"instock","10":"taxable","11":"shipping-taxable","12":"purchasable","13":"product-type-variable","14":"entry","15":"content-bg","16":"loop-entry"},"jetpack_sharing_enabled":true,"_links":{"self":[{"href":"https:\/\/couleurs-chakras.com\/index.php\/wp-json\/wp\/v2\/product\/10141","targetHints":{"allow":["GET"]}}],"collection":[{"href":"https:\/\/couleurs-chakras.com\/index.php\/wp-json\/wp\/v2\/product"}],"about":[{"href":"https:\/\/couleurs-chakras.com\/index.php\/wp-json\/wp\/v2\/types\/product"}],"replies":[{"embeddable":true,"href":"https:\/\/couleurs-chakras.com\/index.php\/wp-json\/wp\/v2\/comments?post=10141"}],"wp:featuredmedia":[{"embeddable":true,"href":"https:\/\/couleurs-chakras.com\/index.php\/wp-json\/wp\/v2\/media\/10252"}],"wp:attachment":[{"href":"https:\/\/couleurs-chakras.com\/index.php\/wp-json\/wp\/v2\/media?parent=10141"}],"wp:term":[{"taxonomy":"product_brand","embeddable":true,"href":"https:\/\/couleurs-chakras.com\/index.php\/wp-json\/wp\/v2\/product_brand?post=10141"},{"taxonomy":"product_cat","embeddable":true,"href":"https:\/\/couleurs-chakras.com\/index.php\/wp-json\/wp\/v2\/product_cat?post=10141"},{"taxonomy":"product_tag","embeddable":true,"href":"https:\/\/couleurs-chakras.com\/index.php\/wp-json\/wp\/v2\/product_tag?post=10141"}],"curies":[{"name":"wp","href":"https:\/\/api.w.org\/{rel}","templated":true}]}}