{"id":10061,"date":"2026-03-16T21:34:28","date_gmt":"2026-03-16T20:34:28","guid":{"rendered":"https:\/\/couleurs-chakras.com\/?post_type=product&#038;p=10061"},"modified":"2026-03-16T21:39:06","modified_gmt":"2026-03-16T20:39:06","slug":"porte-cles-pendule-obsidienne-protectrice","status":"publish","type":"product","link":"https:\/\/couleurs-chakras.com\/index.php\/product\/porte-cles-pendule-obsidienne-protectrice\/","title":{"rendered":"Porte cl\u00e9s pendule obsidienne protectrice"},"content":{"rendered":"<h2 dir=\"ltr\"><b>Le Gardien \u00ab\u00a0\u00c9clips\u00e9\u00a0\u00bb (Tout Obsidienne)<\/b><\/h2>\n<p dir=\"ltr\">\u200bVoici le joyau le plus intense de notre collection : un talisman monochrome con\u00e7u pour ceux qui recherchent la protection la plus pure et la plus absolue. L\u2019<b>Obsidienne<\/b> est une pierre volcanique, un verre naturel n\u00e9 du feu de la terre, connu pour sa capacit\u00e9 \u00e0 absorber les \u00e9nergies les plus sombres.<\/p>\n<h3 dir=\"ltr\">\u200b<b>Les \u00c9l\u00e9ments de ce Gardien de l&rsquo;Ombre<\/b><\/h3>\n<ul>\n<li dir=\"ltr\">\u200b<b>Le Pendule d&rsquo;Obsidienne (Pointe d&rsquo;\u00c9nergie) :<\/b> Taill\u00e9 en pointe, ce cristal noir profond est une ancre. Il stabilise l&rsquo;esprit, coupe les liens toxiques et agit comme un miroir r\u00e9v\u00e9lateur, parfait pour le travail d&rsquo;introspection et de divination.<\/li>\n<li dir=\"ltr\">\u200b<b>La Plume d&rsquo;\u00c9b\u00e8ne :<\/b> D&rsquo;un orange intense, elle incarne le silence, la sagesse de la nuit et la communication avec le subconscient. Elle apporte une touche de douceur \u00e0 la puissance de la pierre.<\/li>\n<li dir=\"ltr\">\u200b<b>Le Charm tr\u00e8fle <\/b><\/li>\n<li dir=\"ltr\">\u200b<b>Perles d&rsquo;Ancrage :<\/b> Un chapelet de perles d&rsquo;obsidienne polies pour un look monochrome \u00e9l\u00e9gant et myst\u00e9rieux.<\/li>\n<\/ul>\n","protected":false},"excerpt":{"rendered":"<p>Le Gardien \u00ab\u00a0\u00c9clips\u00e9\u00a0\u00bb (Tout Obsidienne) \u200bVoici le joyau le plus intense de notre collection : un talisman monochrome con\u00e7u pour ceux qui recherchent la protection la plus pure et la plus absolue. L\u2019Obsidienne est une pierre volcanique, un verre naturel n\u00e9 du feu de la terre, connu pour sa capacit\u00e9 \u00e0 absorber les \u00e9nergies les&#8230;<\/p>\n","protected":false},"featured_media":10062,"comment_status":"open","ping_status":"closed","template":"","meta":{"_kadence_starter_templates_imported_post":false,"_kad_post_transparent":"default","_kad_post_title":"","_kad_post_layout":"default","_kad_post_sidebar_id":"","_kad_post_content_style":"default","_kad_post_vertical_padding":"default","_kad_post_feature":"","_kad_post_feature_position":"","_kad_post_header":false,"_kad_post_footer":false,"_kad_post_classname":""},"product_brand":[],"product_cat":[60],"product_tag":[],"class_list":{"0":"post-10061","1":"product","2":"type-product","3":"status-publish","4":"has-post-thumbnail","6":"product_cat-accessoires","8":"first","9":"instock","10":"taxable","11":"shipping-taxable","12":"purchasable","13":"product-type-simple","14":"entry","15":"content-bg","16":"loop-entry"},"jetpack_sharing_enabled":true,"_links":{"self":[{"href":"https:\/\/couleurs-chakras.com\/index.php\/wp-json\/wp\/v2\/product\/10061","targetHints":{"allow":["GET"]}}],"collection":[{"href":"https:\/\/couleurs-chakras.com\/index.php\/wp-json\/wp\/v2\/product"}],"about":[{"href":"https:\/\/couleurs-chakras.com\/index.php\/wp-json\/wp\/v2\/types\/product"}],"replies":[{"embeddable":true,"href":"https:\/\/couleurs-chakras.com\/index.php\/wp-json\/wp\/v2\/comments?post=10061"}],"wp:featuredmedia":[{"embeddable":true,"href":"https:\/\/couleurs-chakras.com\/index.php\/wp-json\/wp\/v2\/media\/10062"}],"wp:attachment":[{"href":"https:\/\/couleurs-chakras.com\/index.php\/wp-json\/wp\/v2\/media?parent=10061"}],"wp:term":[{"taxonomy":"product_brand","embeddable":true,"href":"https:\/\/couleurs-chakras.com\/index.php\/wp-json\/wp\/v2\/product_brand?post=10061"},{"taxonomy":"product_cat","embeddable":true,"href":"https:\/\/couleurs-chakras.com\/index.php\/wp-json\/wp\/v2\/product_cat?post=10061"},{"taxonomy":"product_tag","embeddable":true,"href":"https:\/\/couleurs-chakras.com\/index.php\/wp-json\/wp\/v2\/product_tag?post=10061"}],"curies":[{"name":"wp","href":"https:\/\/api.w.org\/{rel}","templated":true}]}}